{"id":546,"date":"2018-04-06T19:13:17","date_gmt":"2018-04-06T19:13:17","guid":{"rendered":"http:\/\/horizonpourelle.asosolution.com\/?page_id=546"},"modified":"2018-04-06T19:14:46","modified_gmt":"2018-04-06T19:14:46","slug":"contact-us","status":"publish","type":"page","link":"https:\/\/horizonpourelle.ca\/en\/contact-us\/","title":{"rendered":"Contact-us"},"content":{"rendered":"<p>[vc_row css_animation=&#8221;&#8221; row_type=&#8221;row&#8221; use_row_as_full_screen_section=&#8221;no&#8221; type=&#8221;full_width&#8221; angled_section=&#8221;no&#8221; text_align=&#8221;left&#8221; background_image_as_pattern=&#8221;without_pattern&#8221;][vc_column][vc_single_image image=&#8221;385&#8243; img_size=&#8221;full&#8221; qode_css_animation=&#8221;&#8221;][\/vc_column][\/vc_row][vc_row css_animation=&#8221;&#8221; row_type=&#8221;row&#8221; use_row_as_full_screen_section=&#8221;no&#8221; type=&#8221;grid&#8221; angled_section=&#8221;no&#8221; text_align=&#8221;center&#8221; background_image_as_pattern=&#8221;without_pattern&#8221; z_index=&#8221;&#8221;][vc_column offset=&#8221;vc_col-lg-offset-2 vc_col-lg-8&#8243; css=&#8221;.vc_custom_1518553754684{margin-top: -134px !important;}&#8221;][qode_elements_holder number_of_columns=&#8221;one_column&#8221;][qode_elements_holder_item background_color=&#8221;#ffffff&#8221; item_padding=&#8221;42px 88px 59px 88px&#8221; advanced_animations=&#8221;no&#8221; item_padding_1280_1440=&#8221;42px 66px 59px 66px&#8221; item_padding_480=&#8221;71px 20px 59px 23px&#8221;][vc_column_text]<\/p>\n<h1><span style=\"color: #6b1b49;\">Contact-us<\/span><\/h1>\n<p>[\/vc_column_text][vc_column_text]<\/p>\n<h4 style=\"text-align: center;\">Contact us quickly for any requests for help.<\/h4>\n<h4 style=\"text-align: center;\"><span lang=\"en\">We are here to listen to you, welcome you or guide you.<\/span><\/h4>\n<h4><\/h4>\n<h4 style=\"text-align: center;\">If you are in an emergency, fear for your safety, or even scared for your life, do not hesitate to call us 24 hours a day, 7 days a week.<\/h4>\n<p>[\/vc_column_text][\/qode_elements_holder_item][\/qode_elements_holder][\/vc_column][\/vc_row][vc_row css_animation=&#8221;&#8221; row_type=&#8221;row&#8221; use_row_as_full_screen_section=&#8221;no&#8221; type=&#8221;grid&#8221; angled_section=&#8221;no&#8221; text_align=&#8221;left&#8221; background_image_as_pattern=&#8221;without_pattern&#8221; z_index=&#8221;&#8221;][vc_column offset=&#8221;vc_col-lg-7 vc_col-md-7&#8243;][qode_elements_holder number_of_columns=&#8221;one_column&#8221;][qode_elements_holder_item item_padding=&#8221;92px 61px 17px&#8221; advanced_animations=&#8221;no&#8221; item_padding_600_768=&#8221;92px 0px 0px&#8221; item_padding_480=&#8221;49px 0px 0px&#8221;][vc_column_text]<\/p>\n<h3><img decoding=\"async\" loading=\"lazy\" class=\"alignnone wp-image-547\" style=\"font-size: 16px;\" src=\"http:\/\/horizonpourelle.asosolution.com\/wp-content\/uploads\/2018\/04\/Write-us.png\" alt=\"\" width=\"160\" height=\"49\" \/><\/h3>\n<h3><span style=\"font-size: 16px;\">Our team of interveners trained in domestic violence will answer you confidentially and as soon as possible.<\/span><\/h3>\n<h6><\/h6>\n<p>[\/vc_column_text][vc_empty_space height=&#8221;16px&#8221;]\n<div class=\"wpcf7 no-js\" id=\"wpcf7-f232-o1\" lang=\"fr-FR\" dir=\"ltr\">\n<div class=\"screen-reader-response\"><p role=\"status\" aria-live=\"polite\" aria-atomic=\"true\"><\/p> <ul><\/ul><\/div>\n<form action=\"\/en\/wp-json\/wp\/v2\/pages\/546#wpcf7-f232-o1\" method=\"post\" class=\"wpcf7-form init cf7_custom_style_3\" aria-label=\"Contact form\" novalidate=\"novalidate\" data-status=\"init\">\n<div style=\"display: none;\">\n<input type=\"hidden\" name=\"_wpcf7\" value=\"232\" \/>\n<input type=\"hidden\" name=\"_wpcf7_version\" value=\"5.7.7\" \/>\n<input type=\"hidden\" name=\"_wpcf7_locale\" value=\"fr_FR\" \/>\n<input type=\"hidden\" name=\"_wpcf7_unit_tag\" value=\"wpcf7-f232-o1\" \/>\n<input type=\"hidden\" name=\"_wpcf7_container_post\" value=\"0\" \/>\n<input type=\"hidden\" name=\"_wpcf7_posted_data_hash\" value=\"\" \/>\n<input type=\"hidden\" name=\"_wpcf7_recaptcha_response\" value=\"\" \/>\n<\/div>\n<p>&nbsp;<br \/>\n<label> Votre pr\u00e9nom \/ Your name<br \/>\n<span class=\"wpcf7-form-control-wrap\" data-name=\"your-name\"><input size=\"40\" class=\"wpcf7-form-control wpcf7-text wpcf7-validates-as-required\" aria-required=\"true\" aria-invalid=\"false\" value=\"\" type=\"text\" name=\"your-name\" \/><\/span> <\/label>\n<\/p>\n<p>&nbsp;<br \/>\n<label> Votre question \/ Your question<br \/>\n<span class=\"wpcf7-form-control-wrap\" data-name=\"your-message\"><textarea cols=\"40\" rows=\"10\" class=\"wpcf7-form-control wpcf7-textarea\" aria-invalid=\"false\" name=\"your-message\"><\/textarea><\/span> <\/label>\n<\/p>\n<p>&nbsp;<br \/>\n<label> Votre courriel (requis pour que l'on puisse vous r\u00e9pondre) \/ Your email (required so that we can answer you)<br \/>\n<span class=\"wpcf7-form-control-wrap\" data-name=\"your-email\"><input size=\"40\" class=\"wpcf7-form-control wpcf7-text wpcf7-email wpcf7-validates-as-required wpcf7-validates-as-email\" aria-required=\"true\" aria-invalid=\"false\" value=\"\" type=\"email\" name=\"your-email\" \/><\/span> <\/label><br \/>\n&nbsp;<br \/>\n<label> ou votre num\u00e9ro de t\u00e9l\u00e9phone \/ or your phone number<br \/>\n<span class=\"wpcf7-form-control-wrap\" data-name=\"your-phone\"><input size=\"40\" class=\"wpcf7-form-control wpcf7-text wpcf7-validates-as-required\" aria-required=\"true\" aria-invalid=\"false\" value=\"\" type=\"text\" name=\"your-phone\" \/><\/span> <\/label>\n<\/p>\n<p>&nbsp;<br \/>\n<label> Pour assurer votre s\u00e9curit\u00e9, ajoutez vos disponibilit\u00e9s si vous souhaitez que l'on vous contacte par t\u00e9l\u00e9phone \/ To ensure your safety, add your availability if you want to be contacted by phone<br \/>\n<span class=\"wpcf7-form-control-wrap\" data-name=\"your-subject\"><input size=\"40\" class=\"wpcf7-form-control wpcf7-text\" aria-invalid=\"false\" value=\"\" type=\"text\" name=\"your-subject\" \/><\/span> <\/label><br \/>\n&nbsp;<br \/>\n<input class=\"wpcf7-form-control has-spinner wpcf7-submit\" type=\"submit\" value=\"Envoyer - Send\" \/>\n<\/p><p style=\"display: none !important;\"><label>&#916;<textarea name=\"_wpcf7_ak_hp_textarea\" cols=\"45\" rows=\"8\" maxlength=\"100\"><\/textarea><\/label><input type=\"hidden\" id=\"ak_js_1\" name=\"_wpcf7_ak_js\" value=\"118\"\/><script>document.getElementById( \"ak_js_1\" ).setAttribute( \"value\", ( new Date() ).getTime() );<\/script><\/p><input type='hidden' class='wpcf7-pum' value='{\"closepopup\":false,\"closedelay\":0,\"openpopup\":false,\"openpopup_id\":0}' \/><div class=\"wpcf7-response-output\" aria-hidden=\"true\"><\/div>\n<\/form>\n<\/div>\n[\/qode_elements_holder_item][\/qode_elements_holder][\/vc_column][vc_column offset=&#8221;vc_col-lg-5 vc_col-md-5&#8243;][qode_elements_holder number_of_columns=&#8221;one_column&#8221;][qode_elements_holder_item item_padding=&#8221;92px 20px 0 20px&#8221; advanced_animations=&#8221;no&#8221; item_padding_1024_1280=&#8221;92px 20px 0 0px&#8221; item_padding_480=&#8221;36px 0 0 0&#8243;][vc_column_text]<\/p>\n<h2><span style=\"font-size: 19px; font-weight: 400; letter-spacing: 0; font-family: lora; line-height: 28px; color: #1c1919;\">Phone :\u00a0<\/span><span style=\"color: #6b1b49;\">450 263-5046<\/span><\/h2>\n<p>[\/vc_column_text][vc_column_text]<\/p>\n<h4><span style=\"font-size: 19px; font-weight: 400; letter-spacing: 0; font-family: lora; line-height: 28px; color: #1c1919;\">Email:\u00a0\u00a0<\/span><a href=\"mailto:direction@horizonpourelle.asosolution.com\"><span style=\"color: #6b1b49;\">direction@horizonpourelle.asosolution.com<\/span><\/a><\/h4>\n<p>[\/vc_column_text][\/qode_elements_holder_item][\/qode_elements_holder][qode_elements_holder number_of_columns=&#8221;one_column&#8221;][qode_elements_holder_item item_padding=&#8221;33px 20px 0 20px&#8221; advanced_animations=&#8221;no&#8221; item_padding_1024_1280=&#8221;33px 20px 0 0px&#8221; item_padding_600_768=&#8221;33px 20px 40px 20px&#8221; item_padding_480=&#8221;0 0 41px 0&#8243;]<span data-type=\"circle\" data-hover-bg-color=\"#828282\" data-hover-icon-color=\"#ffffff\" class=\"qode_icon_shortcode fa-stack q_font_awsome_icon_stack fa-lg  \" style=\"font-size: 15px;font-size: 18px;margin: 0 9px 0 0; \"><a  itemprop=\"url\" href=\"https:\/\/www.facebook.com\/Horizon-pour-Elle-1657851851150721\/\" target=\"_blank\"><i class=\"fa fa-circle fa-stack-base fa-stack-2x\" style=\"color: #6b1b49;\"><\/i><span aria-hidden=\"true\" class=\"qode_icon_font_elegant social_facebook qode_icon_element fa-stack-1x\" style=\"font-size: 15px;color: #ffffff;\" ><\/span><\/a><\/span><a  itemprop=\"url\" href=\"https:\/\/www.canadahelps.org\/fr\/dn\/33767\" target=\"_blank\"  class=\"qbutton  medium default\" style=\"margin: 5px 5px 5px 5px; \">MAKE A DONATION<\/a>[\/qode_elements_holder_item][\/qode_elements_holder][\/vc_column][\/vc_row][vc_row css_animation=&#8221;&#8221; row_type=&#8221;row&#8221; use_row_as_full_screen_section=&#8221;no&#8221; type=&#8221;full_width&#8221; angled_section=&#8221;no&#8221; text_align=&#8221;left&#8221; background_image_as_pattern=&#8221;without_pattern&#8221;][vc_column][\/vc_column][\/vc_row]<\/p>\n","protected":false},"excerpt":{"rendered":"<p>[vc_row css_animation=&#8221;&#8221; row_type=&#8221;row&#8221; use_row_as_full_screen_section=&#8221;no&#8221; type=&#8221;full_width&#8221; angled_section=&#8221;no&#8221; text_align=&#8221;left&#8221; background_image_as_pattern=&#8221;without_pattern&#8221;][vc_column][vc_single_image image=&#8221;385&#8243; img_size=&#8221;full&#8221; qode_css_animation=&#8221;&#8221;][\/vc_column][\/vc_row][vc_row css_animation=&#8221;&#8221; row_type=&#8221;row&#8221; use_row_as_full_screen_section=&#8221;no&#8221; type=&#8221;grid&#8221; angled_section=&#8221;no&#8221; text_align=&#8221;center&#8221; background_image_as_pattern=&#8221;without_pattern&#8221; z_index=&#8221;&#8221;][vc_column offset=&#8221;vc_col-lg-offset-2 vc_col-lg-8&#8243; css=&#8221;.vc_custom_1518553754684{margin-top: -134px !important;}&#8221;][qode_elements_holder number_of_columns=&#8221;one_column&#8221;][qode_elements_holder_item background_color=&#8221;#ffffff&#8221; item_padding=&#8221;42px 88px 59px 88px&#8221; advanced_animations=&#8221;no&#8221; item_padding_1280_1440=&#8221;42px 66px 59px 66px&#8221; item_padding_480=&#8221;71px 20px 59px 23px&#8221;][vc_column_text] Contact-us [\/vc_column_text][vc_column_text] Contact us quickly for&#8230;<\/p>\n","protected":false},"author":5,"featured_media":0,"parent":0,"menu_order":0,"comment_status":"closed","ping_status":"closed","template":"full_width.php","meta":[],"_links":{"self":[{"href":"https:\/\/horizonpourelle.ca\/en\/wp-json\/wp\/v2\/pages\/546"}],"collection":[{"href":"https:\/\/horizonpourelle.ca\/en\/wp-json\/wp\/v2\/pages"}],"about":[{"href":"https:\/\/horizonpourelle.ca\/en\/wp-json\/wp\/v2\/types\/page"}],"author":[{"embeddable":true,"href":"https:\/\/horizonpourelle.ca\/en\/wp-json\/wp\/v2\/users\/5"}],"replies":[{"embeddable":true,"href":"https:\/\/horizonpourelle.ca\/en\/wp-json\/wp\/v2\/comments?post=546"}],"version-history":[{"count":2,"href":"https:\/\/horizonpourelle.ca\/en\/wp-json\/wp\/v2\/pages\/546\/revisions"}],"predecessor-version":[{"id":549,"href":"https:\/\/horizonpourelle.ca\/en\/wp-json\/wp\/v2\/pages\/546\/revisions\/549"}],"wp:attachment":[{"href":"https:\/\/horizonpourelle.ca\/en\/wp-json\/wp\/v2\/media?parent=546"}],"curies":[{"name":"wp","href":"https:\/\/api.w.org\/{rel}","templated":true}]}}